{"id":6614,"date":"2021-06-14T06:22:42","date_gmt":"2021-06-14T04:22:42","guid":{"rendered":"http:\/\/preklade.si\/privacy-policy\/"},"modified":"2022-12-12T19:21:19","modified_gmt":"2022-12-12T18:21:19","slug":"rechtliche-hinweise","status":"publish","type":"page","link":"https:\/\/preklade.si\/de\/rechtliche-hinweise\/","title":{"rendered":"Rechtliche Hinweise"},"content":{"rendered":"<h2>Rechtliche Hinweise und Cookies<\/h2>\n<p>W\u00e4hrend Preklade d.o.o. ist bem\u00fcht, um sicherzustellen, dass der Inhalt dieser Website korrekt ist, wird die Website zur Verf\u00fcgung gestellt und Preklade d.o.o. \u201eas is\u201c macht keine Zusicherungen oder Garantien in Bezug auf die Richtigkeit und Vollst\u00e4ndigkeit der auf ihm gefundenen Informationen. W\u00e4hrend der Gehalt an www.ecotip.si mit gr\u00f6\u00dfter Sorgfalt und Aufmerksamkeit zur Verf\u00fcgung gestellt wird, nicht garantieren wir nicht, dass die Informationen immer auf dem neuesten Stand sein, wahr und nicht irref\u00fchrend sind, oder dass diese Website immer (oder \u00fcberhaupt) zur Verf\u00fcgung f\u00fcr den Einsatz. Dies schlie\u00dft auch rechtliche Informationen zu Nutzung von Cookies im Zusammenhang mit auf Websites.<\/p>\n<p>&nbsp;<\/p>\n<p>Wir garantieren nicht, dass die Server, die diese Webseite verf\u00fcgbar machen Fehler sein, Virus oder Bug-frei und akzeptieren Sie, dass es in Ihrer Verantwortung angemessene Vorkehrungen zum Schutz gegen solche Bedrohungen zu machen. Wir empfehlen, das Scannen alle Dateien vor dem Download.<\/p>\n<p>&nbsp;<\/p>\n<p>Nichts auf dieser Website sollte professionelle oder rechtliche Beratung oder eine formelle Empfehlung zu bilden genommen werden und wir schlie\u00dfen alle Zusicherungen und Gew\u00e4hrleistungen in Bezug auf den Inhalt und die Nutzung dieser Website. In keinem Fall wird Preklade d.o.o. diejenigen f\u00fcr zuf\u00e4llige, indirekte, Folge- oder besondere Sch\u00e4den jeglicher Art, oder Sch\u00e4den jeglicher Art, einschlie\u00dflich, ohne Einschr\u00e4nkung aus entgangenen Gewinn, Verlust von Auftr\u00e4gen, Goodwill, Daten, Informationen, Einkommen, erwartete Einsparungen oder Gesch\u00e4ftsbeziehungen haften, , auch nicht von der M\u00f6glichkeit eines solchen Schadens hingewiesen, die aus oder im Zusammenhang mit der Nutzung dieser Website oder verlinkten Websites entstehen.<\/p>\n<p>&nbsp;<\/p>\n<p>Das Unternehmen beh\u00e4lt sich das Recht vor, die auf der Website www.preklade.si ver\u00f6ffentlichten Inhalte jederzeit und in jedem Fall ganz oder teilweise zu \u00e4ndern, hinzuzuf\u00fcgen oder zu entfernen, unabh\u00e4ngig vom Grund und ohne vorherige Ank\u00fcndigung. Alle Benutzer verwenden alle ver\u00f6ffentlichten Inhalte auf eigenes Risiko.<\/p>\n<p>&nbsp;<\/p>\n<p>Alle Texte und Fotos auf den Webseiten von www.preklade.si sind eine gesetzlich gesch\u00fctzte Urheberrecht (Zakon o avtorski in sorodnih pravicah (Ur. L. 21\/1995), einschlie\u00dflich \u00c4nderungen und Erg\u00e4nzungen (Ur. L. RS, Nr 9 \/ 2001, 30\/2001, 85\/2001 Skl US:. UI-149 \/ 98-36, 43\/2004, 58\/2004 Odl US:. UI-200 \/ 02-12, 94\/2004-UPB1, 17\/2006, 44\/2006-UPB2, 139\/2006, 16\/2007-UPB3, 68\/2008). Die Vervielf\u00e4ltigung, Reproduktion und Verbreitung von Inhalten auf Websites von www.preklade.si ohne strenge Zustimmung der Autoren oder Eigent\u00fcmer von Websites verboten.<\/p>\n<p>&nbsp;<\/p>\n<p>Diese Datenschutzrichtlinie legt dar, wie Preklade d.o.o. verwendet und sch\u00fctzt alle Informationen, die Sie uns geben, wenn Sie diese Website nutzen. Bei einem Besuch in www.ecotip.si der Website Aufzeichnungen im Auftrag von Preklade d.o.o. Kundendaten f\u00fcr interne Aufzeichnungen.<\/p>\n<p>Preklade d.o.o. k\u00f6nnen die Informationen verwenden, um unsere Produkte und Dienstleistungen zu verbessern.<\/p>\n<p>Wir werden niemals Ihre Daten nicht an Dritte weitergeben.<\/p>\n<p>&nbsp;<\/p>\n<p>Preklade d.o.o. setzt sich daf\u00fcr ein, dass Ihre Daten sicher sind. Um unberechtigten Zugriff oder die Offenlegung zu verhindern, haben wir an Ort und Stelle geeignete physikalische, elektronische und verwaltungstechnische Verfahren zum Schutz und Sicherung der Daten, die wir online sammeln.<\/p>\n<p>&nbsp;<\/p>\n<h2>Cookies<\/h2>\n<p>Damit dieses Internetportal ordnungsgem\u00e4\u00df funktioniert, legen wir manchmal kleine Dateien \u2013 sogenannte Cookies \u2013 auf Ihrem Ger\u00e4t ab. Das ist bei den meisten gro\u00dfen Websites \u00fcblich.<\/p>\n<p>&nbsp;<\/p>\n<h2>Was sind Cookies?<\/h2>\n<p>Ein Cookie ist eine kleine Textdatei, die ein Webportal auf Ihrem Rechner, Tablet-Computer oder Smartphone hinterl\u00e4sst, wenn Sie es besuchen. So kann sich das Portal bestimmte Eingaben und Einstellungen (z. B. Login, Sprache, Schriftgr\u00f6\u00dfe und andere Anzeigepr\u00e4ferenzen) \u00fcber einen bestimmten Zeitraum \u201emerken\u201c, und Sie brauchen diese nicht bei jedem weiteren Besuch und beim Navigieren im Portal erneut vorzunehmen.<\/p>\n<p>&nbsp;<\/p>\n<h2>Wie setzen wir Cookies ein?<\/h2>\n<p>Google Analytics \u2013 Google Analytics ist eine einfache, leicht zu bedienendes Tool, das Website-Besitzer hilft messen, wie Nutzer mit Website-Inhalten interagieren. Wenn ein Benutzer zwischen Web-Seiten navigiert, bietet Google Analytics Website-Besitzer JavaScript-Tags (Bibliotheken) ein Benutzer Informationen \u00fcber die Seite zur Aufzeichnung gesehen hat, zum Beispiel die URL der Seite. Die Google Analytics-JavaScript-Bibliotheken verwenden HTTP Cookies \u201eerinnern\u201c, was ein Benutzer auf den vorherigen Seiten \/ Interaktionen mit der Website getan hat.<\/p>\n<p>&nbsp;<\/p>\n<h2>Kontrolle \u00fcber Cookies<\/h2>\n<p>Sie k\u00f6nnen Cookies nach Belieben steuern und\/oder l\u00f6schen. Wie, erfahren Sie hier: aboutcookies.org. Sie k\u00f6nnen alle auf Ihrem Rechner abgelegten Cookies l\u00f6schen und die meisten Browser so einstellen, dass die Ablage von Cookies verhindert wird. Dann m\u00fcssen Sie aber m\u00f6glicherweise einige Einstellungen bei jedem Besuch einer Seite manuell vornehmen und die Beeintr\u00e4chtigung mancher Funktionen in Kauf nehmen.<\/p>\n<p>&nbsp;<\/p>\n<p>Preklade d.o.o.<br \/>\nPtujska cesta 37<br \/>\nSI \u2013 2331 PRAGERSKO<br \/>\nSlowenien<\/p>\n","protected":false},"excerpt":{"rendered":"<p>Rechtliche Hinweise und Cookies W\u00e4hrend Preklade d.o.o. ist bem\u00fcht, um sicherzustellen, dass der Inhalt dieser Website korrekt ist, wird die Website zur Verf\u00fcgung gestellt und Preklade d.o.o. \u201eas is\u201c macht keine Zusicherungen oder Garantien in Bezug auf die Richtigkeit und Vollst\u00e4ndigkeit der auf ihm gefundenen Informationen. W\u00e4hrend der Gehalt an www.ecotip.si mit gr\u00f6\u00dfter Sorgfalt und [&hellip;]<\/p>\n","protected":false},"author":4,"featured_media":0,"parent":0,"menu_order":0,"comment_status":"closed","ping_status":"open","template":"","meta":{"site-sidebar-layout":"default","site-content-layout":"default","ast-site-content-layout":"default","site-content-style":"default","site-sidebar-style":"default","ast-global-header-display":"","ast-banner-title-visibility":"","ast-main-header-display":"","ast-hfb-above-header-display":"","ast-hfb-below-header-display":"","ast-hfb-mobile-header-display":"","site-post-title":"","ast-breadcrumbs-content":"","ast-featured-img":"","footer-sml-layout":"","ast-disable-related-posts":"","theme-transparent-header-meta":"default","adv-header-id-meta":"","stick-header-meta":"default","header-above-stick-meta":"","header-main-stick-meta":"","header-below-stick-meta":"","astra-migrate-meta-layouts":"default","ast-page-background-enabled":"default","ast-page-background-meta":{"desktop":{"background-color":"","background-image":"","background-repeat":"repeat","background-position":"center center","background-size":"auto","background-attachment":"scroll","background-type":"","background-media":"","overlay-type":"","overlay-color":"","overlay-opacity":"","overlay-gradient":""},"tablet":{"background-color":"","background-image":"","background-repeat":"repeat","background-position":"center center","background-size":"auto","background-attachment":"scroll","background-type":"","background-media":"","overlay-type":"","overlay-color":"","overlay-opacity":"","overlay-gradient":""},"mobile":{"background-color":"","background-image":"","background-repeat":"repeat","background-position":"center center","background-size":"auto","background-attachment":"scroll","background-type":"","background-media":"","overlay-type":"","overlay-color":"","overlay-opacity":"","overlay-gradient":""}},"ast-content-background-meta":{"desktop":{"background-color":"var(--ast-global-color-5)","background-image":"","background-repeat":"repeat","background-position":"center center","background-size":"auto","background-attachment":"scroll","background-type":"","background-media":"","overlay-type":"","overlay-color":"","overlay-opacity":"","overlay-gradient":""},"tablet":{"background-color":"var(--ast-global-color-5)","background-image":"","background-repeat":"repeat","background-position":"center center","background-size":"auto","background-attachment":"scroll","background-type":"","background-media":"","overlay-type":"","overlay-color":"","overlay-opacity":"","overlay-gradient":""},"mobile":{"background-color":"var(--ast-global-color-5)","background-image":"","background-repeat":"repeat","background-position":"center center","background-size":"auto","background-attachment":"scroll","background-type":"","background-media":"","overlay-type":"","overlay-color":"","overlay-opacity":"","overlay-gradient":""}},"footnotes":""},"class_list":["post-6614","page","type-page","status-publish","hentry"],"_links":{"self":[{"href":"https:\/\/preklade.si\/de\/wp-json\/wp\/v2\/pages\/6614","targetHints":{"allow":["GET"]}}],"collection":[{"href":"https:\/\/preklade.si\/de\/wp-json\/wp\/v2\/pages"}],"about":[{"href":"https:\/\/preklade.si\/de\/wp-json\/wp\/v2\/types\/page"}],"author":[{"embeddable":true,"href":"https:\/\/preklade.si\/de\/wp-json\/wp\/v2\/users\/4"}],"replies":[{"embeddable":true,"href":"https:\/\/preklade.si\/de\/wp-json\/wp\/v2\/comments?post=6614"}],"version-history":[{"count":0,"href":"https:\/\/preklade.si\/de\/wp-json\/wp\/v2\/pages\/6614\/revisions"}],"wp:attachment":[{"href":"https:\/\/preklade.si\/de\/wp-json\/wp\/v2\/media?parent=6614"}],"curies":[{"name":"wp","href":"https:\/\/api.w.org\/{rel}","templated":true}]}}