{"id":7291,"date":"2022-12-16T14:03:56","date_gmt":"2022-12-16T13:03:56","guid":{"rendered":"http:\/\/preklade.si\/news\/"},"modified":"2024-06-06T05:48:07","modified_gmt":"2024-06-06T03:48:07","slug":"news","status":"publish","type":"page","link":"https:\/\/preklade.si\/en\/news\/","title":{"rendered":"News"},"content":{"rendered":"\t\t<div data-elementor-type=\"wp-page\" data-elementor-id=\"7291\" class=\"elementor elementor-7291 elementor-6774\" data-elementor-settings=\"{&quot;ha_cmc_init_switcher&quot;:&quot;no&quot;}\" data-elementor-post-type=\"page\">\n\t\t\t\t\t\t<section class=\"elementor-section elementor-top-section elementor-element elementor-element-a9bdfd9 elementor-section-boxed elementor-section-height-default elementor-section-height-default\" data-id=\"a9bdfd9\" data-element_type=\"section\" data-settings=\"{&quot;background_background&quot;:&quot;classic&quot;}\">\n\t\t\t\t\t\t\t<div class=\"elementor-background-overlay\"><\/div>\n\t\t\t\t\t\t\t<div class=\"elementor-container elementor-column-gap-no\">\n\t\t\t\t\t<div class=\"elementor-column elementor-col-100 elementor-top-column elementor-element elementor-element-6a48e46d\" data-id=\"6a48e46d\" data-element_type=\"column\" data-settings=\"{&quot;background_background&quot;:&quot;classic&quot;}\">\n\t\t\t<div class=\"elementor-widget-wrap elementor-element-populated\">\n\t\t\t\t\t\t<div class=\"elementor-element elementor-element-26574afe elementor-widget elementor-widget-heading\" data-id=\"26574afe\" data-element_type=\"widget\" data-widget_type=\"heading.default\">\n\t\t\t\t<div class=\"elementor-widget-container\">\n\t\t\t\t\t<h1 class=\"elementor-heading-title elementor-size-default\">News<\/h1>\t\t\t\t<\/div>\n\t\t\t\t<\/div>\n\t\t\t\t\t<\/div>\n\t\t<\/div>\n\t\t\t\t\t<\/div>\n\t\t<\/section>\n\t\t\t\t<section class=\"elementor-section elementor-top-section elementor-element elementor-element-e50e423 elementor-section-boxed elementor-section-height-default elementor-section-height-default\" data-id=\"e50e423\" data-element_type=\"section\">\n\t\t\t\t\t\t<div class=\"elementor-container elementor-column-gap-default\">\n\t\t\t\t\t<div class=\"elementor-column elementor-col-100 elementor-top-column elementor-element elementor-element-4a0da7f\" data-id=\"4a0da7f\" data-element_type=\"column\">\n\t\t\t<div class=\"elementor-widget-wrap elementor-element-populated\">\n\t\t\t\t\t\t<div class=\"elementor-element elementor-element-120385d elementor-widget elementor-widget-uael-posts\" data-id=\"120385d\" data-element_type=\"widget\" data-settings=\"{&quot;feed_slides_to_show_tablet&quot;:2,&quot;feed_slides_to_show_mobile&quot;:1,&quot;feed_show_filters&quot;:&quot;no&quot;}\" data-widget_type=\"uael-posts.feed\">\n\t\t\t\t<div class=\"elementor-widget-container\">\n\t\t\t\t\t\t\t<div class=\"uael-post__header\">\n\t\t\t\t\t<\/div>\n\t\t<div class=\"uael-post__body\">\n\t\t\t\n\t\t\n\t\t<div class=\"uael-post-grid uael-posts\" data-query-type=\"custom\" data-structure=\"\" data-layout=\"\" data-page=\"7291\" data-skin=\"feed\" data-filter-default=\"\" data-offset-top=\"30\" >\n\n\t\t\t\t\t\t\t<div class=\"uael-post-grid__inner uael-post__columns-1 uael-post__columns-tablet-1 uael-post__columns-mobile-1 uael-post-infinite-scroll uael-post-infinite__event-scroll\">\n\t\t\t\n\n<div class=\"uael-post-wrapper  fairs \">\n\n\t<div class=\"uael-post__bg-wrap\">\n\t\t\n\t\t\n\t\t<div class=\"uael-post__inner-wrap \">\n\n\t\t\t\t<div class=\"uael-post__thumbnail\">\n\t\t\t\n\t\t\t<a href=\"https:\/\/preklade.si\/en\/2026\/03\/07\/visit-us-at-the-64th-dom-building-and-crafts-fair-in-ljubljana\/\" target=\"_self\" title=\"Visit us at the 64th DOM Building and Crafts Fair in Ljubljana!\"><img fetchpriority=\"high\" decoding=\"async\" width=\"1024\" height=\"1024\" src=\"https:\/\/preklade.si\/wp-content\/uploads\/2026\/03\/Kopie-von-Preklade-prikazna-slika-spletna-stran-4.png\" class=\"attachment-full size-full wp-image-9221\" alt=\"\" srcset=\"https:\/\/preklade.si\/wp-content\/uploads\/2026\/03\/Kopie-von-Preklade-prikazna-slika-spletna-stran-4.png 1024w, https:\/\/preklade.si\/wp-content\/uploads\/2026\/03\/Kopie-von-Preklade-prikazna-slika-spletna-stran-4-300x300.png 300w, https:\/\/preklade.si\/wp-content\/uploads\/2026\/03\/Kopie-von-Preklade-prikazna-slika-spletna-stran-4-150x150.png 150w, https:\/\/preklade.si\/wp-content\/uploads\/2026\/03\/Kopie-von-Preklade-prikazna-slika-spletna-stran-4-768x768.png 768w\" sizes=\"(max-width: 1024px) 100vw, 1024px\" \/><\/a>\n\t\t\t\t\t<\/div>\n\t\t\n\t\t\t\n\t\t\t<div class=\"uael-post__content-wrap\">\n\n\t\t\t<span class=\"uael-post__terms\"><a href=\"https:\/\/preklade.si\/en\/category\/fairs\/\" class=\"uael-listing__terms-link\" id=\"uael-post-term-fairs\" aria-labelledby=\"uael-post-term-fairs\">Fairs<\/a><\/span>\t\t<h3 class=\"uael-post__title\">\n\n\t\t\n\t\t\t\t\t\t<a href=\"https:\/\/preklade.si\/en\/2026\/03\/07\/visit-us-at-the-64th-dom-building-and-crafts-fair-in-ljubljana\/\" target=\"_self\">\n\t\t\t\tVisit us at the 64th DOM Building and Crafts Fair in Ljubljana!\t\t\t<\/a>\n\n\t\t\t\t<\/h3>\n\t\t<div class=\"uael-post__separator\"><\/div>\n\t\t<div class=\"uael-post__excerpt\">\n\t\t\tVisit us at the 64th DOM Building and Crafts Fair in Ljubljana! Next week, you can meet us at the 64th International Crafts Fair DOM in Ljubljana! We warmly invite you to visit us in the Glass Hall \u2013 Hall C, where we will be happy to present our innovative ...\t\t<\/div>\n\n\t\t\t\t\t<div class=\"uael-post__meta-data\">\n\t\t\t\t\t<span class=\"uael-post__date\">\n\t\t\t\t\t\t\t\t\t\t\t\t\t<i aria-hidden=\"true\" class=\"fa fa-calendar\"><\/i>\t\t\t\t\t\t\t\t\t\n\t\t\t7. March, 2026\t\t<\/span>\n\t\t\t\t<\/div>\n\t\t\t\t\t<\/div>\n\t\t\t\n\t\t<\/div>\n\t\t\n\t<\/div>\n\n<\/div>\n\n\n<div class=\"uael-post-wrapper  news \">\n\n\t<div class=\"uael-post__bg-wrap\">\n\t\t\n\t\t\n\t\t<div class=\"uael-post__inner-wrap \">\n\n\t\t\t\t<div class=\"uael-post__thumbnail\">\n\t\t\t\n\t\t\t<a href=\"https:\/\/preklade.si\/en\/2026\/02\/26\/bau-neuheiten-trade-fair-graz-austria-27-2-2026\/\" target=\"_self\" title=\"BAU-NEUHEITEN Trade Fair -Graz Austria &#8211; 27.2.2026\"><img decoding=\"async\" width=\"1024\" height=\"1024\" src=\"https:\/\/preklade.si\/wp-content\/uploads\/2026\/02\/Kopie-von-Preklade-prikazna-slika-spletna-stran-3.png\" class=\"attachment-full size-full wp-image-9202\" alt=\"\" srcset=\"https:\/\/preklade.si\/wp-content\/uploads\/2026\/02\/Kopie-von-Preklade-prikazna-slika-spletna-stran-3.png 1024w, https:\/\/preklade.si\/wp-content\/uploads\/2026\/02\/Kopie-von-Preklade-prikazna-slika-spletna-stran-3-300x300.png 300w, https:\/\/preklade.si\/wp-content\/uploads\/2026\/02\/Kopie-von-Preklade-prikazna-slika-spletna-stran-3-150x150.png 150w, https:\/\/preklade.si\/wp-content\/uploads\/2026\/02\/Kopie-von-Preklade-prikazna-slika-spletna-stran-3-768x768.png 768w\" sizes=\"(max-width: 1024px) 100vw, 1024px\" \/><\/a>\n\t\t\t\t\t<\/div>\n\t\t\n\t\t\t\n\t\t\t<div class=\"uael-post__content-wrap\">\n\n\t\t\t<span class=\"uael-post__terms\"><a href=\"https:\/\/preklade.si\/en\/category\/news\/\" class=\"uael-listing__terms-link\" id=\"uael-post-term-news\" aria-labelledby=\"uael-post-term-news\">News<\/a><\/span>\t\t<h3 class=\"uael-post__title\">\n\n\t\t\n\t\t\t\t\t\t<a href=\"https:\/\/preklade.si\/en\/2026\/02\/26\/bau-neuheiten-trade-fair-graz-austria-27-2-2026\/\" target=\"_self\">\n\t\t\t\tBAU-NEUHEITEN Trade Fair -Graz Austria &#8211; 27.2.2026\t\t\t<\/a>\n\n\t\t\t\t<\/h3>\n\t\t<div class=\"uael-post__separator\"><\/div>\n\t\t<div class=\"uael-post__excerpt\">\n\t\t\tOn February 26\u201327, you can find us in Graz at the BAU-NEUHEITEN Trade Fair by REMA GmbH! Visiting the fair offers you the opportunity to discover the latest innovations and developments in the fields of construction and engineering. Numerous European companies will present their products from all segments of the ...\t\t<\/div>\n\n\t\t\t\t\t<div class=\"uael-post__meta-data\">\n\t\t\t\t\t<span class=\"uael-post__date\">\n\t\t\t\t\t\t\t\t\t\t\t\t\t<i aria-hidden=\"true\" class=\"fa fa-calendar\"><\/i>\t\t\t\t\t\t\t\t\t\n\t\t\t26. February, 2026\t\t<\/span>\n\t\t\t\t<\/div>\n\t\t\t\t\t<\/div>\n\t\t\t\n\t\t<\/div>\n\t\t\n\t<\/div>\n\n<\/div>\n\n\n<div class=\"uael-post-wrapper  news \">\n\n\t<div class=\"uael-post__bg-wrap\">\n\t\t\n\t\t\n\t\t<div class=\"uael-post__inner-wrap \">\n\n\t\t\t\t<div class=\"uael-post__thumbnail\">\n\t\t\t\n\t\t\t<a href=\"https:\/\/preklade.si\/en\/2025\/11\/25\/isoattika-on-the-dutch-market\/\" target=\"_self\" title=\"ISOattika on the Dutch Market\"><img decoding=\"async\" width=\"500\" height=\"500\" src=\"https:\/\/preklade.si\/wp-content\/uploads\/2026\/03\/Email-preklade-prazniki-2025-Logo-2.png\" class=\"attachment-full size-full wp-image-9241\" alt=\"\" srcset=\"https:\/\/preklade.si\/wp-content\/uploads\/2026\/03\/Email-preklade-prazniki-2025-Logo-2.png 500w, https:\/\/preklade.si\/wp-content\/uploads\/2026\/03\/Email-preklade-prazniki-2025-Logo-2-300x300.png 300w, https:\/\/preklade.si\/wp-content\/uploads\/2026\/03\/Email-preklade-prazniki-2025-Logo-2-150x150.png 150w\" sizes=\"(max-width: 500px) 100vw, 500px\" \/><\/a>\n\t\t\t\t\t<\/div>\n\t\t\n\t\t\t\n\t\t\t<div class=\"uael-post__content-wrap\">\n\n\t\t\t<span class=\"uael-post__terms\"><a href=\"https:\/\/preklade.si\/en\/category\/news\/\" class=\"uael-listing__terms-link\" id=\"uael-post-term-news\" aria-labelledby=\"uael-post-term-news\">News<\/a><\/span>\t\t<h3 class=\"uael-post__title\">\n\n\t\t\n\t\t\t\t\t\t<a href=\"https:\/\/preklade.si\/en\/2025\/11\/25\/isoattika-on-the-dutch-market\/\" target=\"_self\">\n\t\t\t\tISOattika on the Dutch Market\t\t\t<\/a>\n\n\t\t\t\t<\/h3>\n\t\t<div class=\"uael-post__separator\"><\/div>\n\t\t<div class=\"uael-post__excerpt\">\n\t\t\tOur product ISOattika has successfully entered the Dutch market. Recently, the first larger construction project in the Netherlands using our innovative flat roof solution was completed. ISOattika has proven to be an ideal choice for all types of flat roofs, as it enables fast and easy installation, significantly reducing construction ...\t\t<\/div>\n\n\t\t\t\t\t<div class=\"uael-post__meta-data\">\n\t\t\t\t\t<span class=\"uael-post__date\">\n\t\t\t\t\t\t\t\t\t\t\t\t\t<i aria-hidden=\"true\" class=\"fa fa-calendar\"><\/i>\t\t\t\t\t\t\t\t\t\n\t\t\t25. November, 2025\t\t<\/span>\n\t\t\t\t<\/div>\n\t\t\t\t\t<\/div>\n\t\t\t\n\t\t<\/div>\n\t\t\n\t<\/div>\n\n<\/div>\n\t\t\t\t<\/div>\n\t\t\t\t\t\t<div class=\"uael-post-inf-loader\">\n\t\t\t\t<div class=\"uael-post-loader-1\"><\/div>\n\t\t\t\t<div class=\"uael-post-loader-2\"><\/div>\n\t\t\t\t<div class=\"uael-post-loader-3\"><\/div>\n\t\t\t<\/div>\n\t\t\t\t\t\t\n\t\t<\/div>\n\n\t\t\t\t\t\t<\/div>\n\t\t<div class=\"uael-post__footer\">\n\t\t\t\t\t\t<nav class=\"uael-grid-pagination\" style=\"display:none;\" role=\"navigation\" aria-label=\"Pagination\" data-total=\"9\" data-next-page=\"2\">\n\t\t\t\t\n\t\t\t<\/nav>\n\n\t\t\t\t\t<\/div>\n\t\t\t\t\t\t<\/div>\n\t\t\t\t<\/div>\n\t\t\t\t\t<\/div>\n\t\t<\/div>\n\t\t\t\t\t<\/div>\n\t\t<\/section>\n\t\t\t\t<\/div>\n\t\t","protected":false},"excerpt":{"rendered":"<p>News Novice Gradbeni projekt Blok G Lenart Kmalu bo Lenart bogatej\u0161i \u0161e za en stanovanjski objekt \u2013 Blok G, ki ga gradi gradbeno podjetje Gradnje Lenart d.o.o., s katerim sodelujemo \u017ee na ve\u010dih skupnih projektih. Na projektu so v kletni del in prvo nadstropje \u017ee vgrajene na\u0161e prefabricirane betonske plo\u0161\u010de in prefabricirane betonske\u00a0 stene. Na\u0161i [&hellip;]<\/p>\n","protected":false},"author":4,"featured_media":0,"parent":0,"menu_order":0,"comment_status":"closed","ping_status":"closed","template":"","meta":{"site-sidebar-layout":"no-sidebar","site-content-layout":"page-builder","ast-site-content-layout":"default","site-content-style":"default","site-sidebar-style":"default","ast-global-header-display":"","ast-banner-title-visibility":"","ast-main-header-display":"","ast-hfb-above-header-display":"","ast-hfb-below-header-display":"","ast-hfb-mobile-header-display":"","site-post-title":"disabled","ast-breadcrumbs-content":"","ast-featured-img":"disabled","footer-sml-layout":"","ast-disable-related-posts":"","theme-transparent-header-meta":"default","adv-header-id-meta":"","stick-header-meta":"default","header-above-stick-meta":"","header-main-stick-meta":"","header-below-stick-meta":"","astra-migrate-meta-layouts":"default","ast-page-background-enabled":"default","ast-page-background-meta":{"desktop":{"background-color":"","background-image":"","background-repeat":"repeat","background-position":"center center","background-size":"auto","background-attachment":"scroll","background-type":"","background-media":"","overlay-type":"","overlay-color":"","overlay-opacity":"","overlay-gradient":""},"tablet":{"background-color":"","background-image":"","background-repeat":"repeat","background-position":"center center","background-size":"auto","background-attachment":"scroll","background-type":"","background-media":"","overlay-type":"","overlay-color":"","overlay-opacity":"","overlay-gradient":""},"mobile":{"background-color":"","background-image":"","background-repeat":"repeat","background-position":"center center","background-size":"auto","background-attachment":"scroll","background-type":"","background-media":"","overlay-type":"","overlay-color":"","overlay-opacity":"","overlay-gradient":""}},"ast-content-background-meta":{"desktop":{"background-color":"var(--ast-global-color-5)","background-image":"","background-repeat":"repeat","background-position":"center center","background-size":"auto","background-attachment":"scroll","background-type":"","background-media":"","overlay-type":"","overlay-color":"","overlay-opacity":"","overlay-gradient":""},"tablet":{"background-color":"var(--ast-global-color-5)","background-image":"","background-repeat":"repeat","background-position":"center center","background-size":"auto","background-attachment":"scroll","background-type":"","background-media":"","overlay-type":"","overlay-color":"","overlay-opacity":"","overlay-gradient":""},"mobile":{"background-color":"var(--ast-global-color-5)","background-image":"","background-repeat":"repeat","background-position":"center center","background-size":"auto","background-attachment":"scroll","background-type":"","background-media":"","overlay-type":"","overlay-color":"","overlay-opacity":"","overlay-gradient":""}},"footnotes":""},"class_list":["post-7291","page","type-page","status-publish","hentry"],"_links":{"self":[{"href":"https:\/\/preklade.si\/en\/wp-json\/wp\/v2\/pages\/7291","targetHints":{"allow":["GET"]}}],"collection":[{"href":"https:\/\/preklade.si\/en\/wp-json\/wp\/v2\/pages"}],"about":[{"href":"https:\/\/preklade.si\/en\/wp-json\/wp\/v2\/types\/page"}],"author":[{"embeddable":true,"href":"https:\/\/preklade.si\/en\/wp-json\/wp\/v2\/users\/4"}],"replies":[{"embeddable":true,"href":"https:\/\/preklade.si\/en\/wp-json\/wp\/v2\/comments?post=7291"}],"version-history":[{"count":0,"href":"https:\/\/preklade.si\/en\/wp-json\/wp\/v2\/pages\/7291\/revisions"}],"wp:attachment":[{"href":"https:\/\/preklade.si\/en\/wp-json\/wp\/v2\/media?parent=7291"}],"curies":[{"name":"wp","href":"https:\/\/api.w.org\/{rel}","templated":true}]}}